{"id":142,"date":"2017-10-03T10:00:46","date_gmt":"2017-10-03T10:00:46","guid":{"rendered":"http:\/\/185.31.244.116\/~illuster\/?page_id=142"},"modified":"2019-02-28T16:06:12","modified_gmt":"2019-02-28T16:06:12","slug":"over-anne","status":"publish","type":"page","link":"https:\/\/www.annepossel.nl\/?page_id=142","title":{"rendered":"po\u00ebzie"},"content":{"rendered":"<p>[et_pb_section fb_built=&#8221;1&#8243; fullwidth=&#8221;on&#8221; _builder_version=&#8221;3.0.71&#8243;][et_pb_fullwidth_menu menu_id=&#8221;2&#8243; submenu_direction=&#8221;downwards&#8221; fullwidth_menu=&#8221;off&#8221; active_link_color=&#8221;#8bc7ef&#8221; dropdown_menu_line_color=&#8221;#b78259&#8243; _builder_version=&#8221;3.0.71&#8243; menu_font=&#8221;PT Sans||||&#8221; menu_text_color=&#8221;#5096bf&#8221; menu_letter_spacing=&#8221;2px&#8221; text_orientation=&#8221;center&#8221; saved_tabs=&#8221;all&#8221;][\/et_pb_fullwidth_menu][\/et_pb_section][et_pb_section fb_built=&#8221;1&#8243; _builder_version=&#8221;3.0.71&#8243; use_background_color_gradient=&#8221;on&#8221; background_color_gradient_start=&#8221;rgba(255,255,255,0.77)&#8221; background_color_gradient_end=&#8221;rgba(255,255,255,0.68)&#8221; background_image=&#8221;http:\/\/185.31.244.116\/~illuster\/wp-content\/uploads\/2017\/12\/20101004CS08580CopyrightCarolineSchroder.jpg&#8221; background_blend=&#8221;overlay&#8221;][et_pb_row _builder_version=&#8221;3.0.71&#8243; background_size=&#8221;initial&#8221; background_position=&#8221;top_left&#8221; background_repeat=&#8221;repeat&#8221;][et_pb_column type=&#8221;1_4&#8243; _builder_version=&#8221;3.0.47&#8243; parallax=&#8221;off&#8221; parallax_method=&#8221;on&#8221;][et_pb_gallery gallery_ids=&#8221;294,615,548,292,616&#8243; gallery_captions=&#8221;,,,,&#8221; fullwidth=&#8221;on&#8221; _builder_version=&#8221;3.0.71&#8243;][\/et_pb_gallery][et_pb_gallery gallery_ids=&#8221;551,556,555,553&#8243; gallery_captions=&#8221;,,,&#8221; fullwidth=&#8221;on&#8221; _builder_version=&#8221;3.0.71&#8243;][\/et_pb_gallery][et_pb_gallery gallery_ids=&#8221;845,781,849,846,847,848&#8243; gallery_captions=&#8221;,,,,,&#8221; fullwidth=&#8221;on&#8221; _builder_version=&#8221;3.0.71&#8243;][\/et_pb_gallery][et_pb_gallery gallery_ids=&#8221;750&#8243; fullwidth=&#8221;on&#8221; _builder_version=&#8221;3.0.71&#8243;][\/et_pb_gallery][\/et_pb_column][et_pb_column type=&#8221;3_4&#8243; _builder_version=&#8221;3.0.47&#8243; parallax=&#8221;off&#8221; parallax_method=&#8221;on&#8221;][et_pb_text _builder_version=&#8221;3.18.7&#8243; text_font=&#8221;PT Serif||||&#8221; text_text_color=&#8221;#995b2f&#8221; text_font_size=&#8221;16px&#8221; text_line_height=&#8221;1.4em&#8221; header_font=&#8221;PT Sans||||&#8221; header_text_color=&#8221;#995b2f&#8221; header_font_size=&#8221;20px&#8221; inline_fonts=&#8221;PT Serif&#8221;]<\/p>\n<h1><span style=\"font-family: 'PT Serif';\"><b>Po\u00ebzie<\/b><\/span><\/h1>\n<h3><\/h3>\n<h4><span style=\"font-weight: normal; font-family: 'PT Serif';\"><strong>Kaartensets<\/strong><\/span><\/h4>\n<p><em><b>\u2018Licht op Licht\u2019<\/b><\/em> &#8211; zeven ansichtkaarten gemaakt door Caroline Schr\u00f6der &#8211; fotografie en Anne C. Possel po\u00ebzie, ontwerp: Angelique Kleijne.<\/p>\n<p>Oplichtende beelden uit de natuur en po\u00ebtische teksten over het licht dat door alles heengaat, er altijd is; om ons heen en in onszelf.<\/p>\n<p>Sfeervolle kaarten, vol levenslust en schoonheid, die je aan vrienden en relaties kunt sturen, maar ook ter inspiratie kunt neerzetten op een mooie plek in huis.<\/p>\n<p><b><em>\u2018Geschenken uit de Stilt<\/em>e\u2019<\/b> &#8211; fotografie: Caroline Schr\u00f6der, po\u00ebzie: Anne C. Possel, ontwerp: Mark Schalken<\/p>\n<p>Zes foto-stillevens met po\u00ebzie over de Stilte, waar we altijd weer naar kunnen terugkeren en die rust als een geschenk aan onszelf kunnen ervaren.<\/p>\n<p><em>Beide kaartensets zijn in te zien en te bestellen via <a href=\"http:\/\/www.nachtwind.nl\">Uitgeverij Nachtwind.<\/a><\/em><\/p>\n<h4><b><\/b><\/h4>\n<h4><b><\/b><\/h4>\n<h4><span style=\"font-family: 'PT Serif';\"><b>Gedichten in gebo<\/b><b>uwen<\/b><\/span><\/h4>\n<p><span>Gedichten van mij zijn ook te vinden in een aantal gebouwen, waaronder de Saxion Hogeschool te Enschede, het Kwaliteitscentrum voor de Gezondheidszorg CBO te Utrecht en bij JGZ te Haarlem.<\/span><\/p>\n<p><em>\u00a0<span>(Kwaliteitscentrum voor de Gezondheidszorg)<\/span><\/em><\/p>\n<p><em><span><\/span><\/em><\/p>\n<h4><b><\/b><\/h4>\n<h4><b>Gedichtenbundels<\/b><\/h4>\n<p>Een bundeling van mijn gedichten is te vinden in &#8220;Ontmoetingen voorbij Alzheimer&#8221; een boekje dat ik samen met de kunstenares Francisca Tollenaar heb geproduceerd en dat werd uitgegeven door de Stichting Alzheimer Nederland. (momenteel helaas uitverkocht).<\/p>\n<p>Nieuw verschenen: &#8216;wij bestaan voorbij de woorden&#8217; zie onder NIEUW op deze website.<\/p>\n<h4><\/h4>\n<h4><\/h4>\n<h4><b style=\"line-height: inherit;\">Op verzoek<\/b><\/h4>\n<p><span style=\"line-height: inherit;\">Ik schrijf ook regelmatig gedichten op verzoek. Vaak vragen mensen daarnaar in situaties waarin het mysterie van ons leven voelbaar wordt, wanneer de essentie van het leven heel intens te ervaren is &#8211; zoals bij huwelijk, geboorte en overlijden.\u00a0<\/span><\/p>\n<p>[\/et_pb_text][\/et_pb_column][\/et_pb_row][\/et_pb_section]<\/p>\n","protected":false},"excerpt":{"rendered":"<p>Po\u00ebzie Kaartensets \u2018Licht op Licht\u2019 &#8211; zeven ansichtkaarten gemaakt door Caroline Schr\u00f6der &#8211; fotografie en Anne C. Possel po\u00ebzie, ontwerp: Angelique Kleijne. Oplichtende beelden uit de natuur en po\u00ebtische teksten over het licht dat door alles heengaat, er altijd is; om ons heen en in onszelf. Sfeervolle kaarten, vol levenslust en schoonheid, die je aan [&hellip;]<\/p>\n","protected":false},"author":1,"featured_media":0,"parent":0,"menu_order":4,"comment_status":"closed","ping_status":"closed","template":"","meta":{"_et_pb_use_builder":"on","_et_pb_old_content":"","_et_gb_content_width":"","footnotes":""},"class_list":["post-142","page","type-page","status-publish","hentry"],"yoast_head":"<!-- This site is optimized with the Yoast SEO plugin v27.2 - https:\/\/yoast.com\/product\/yoast-seo-wordpress\/ -->\n<title>po\u00ebzie - anne possel<\/title>\n<meta name=\"robots\" content=\"index, follow, max-snippet:-1, max-image-preview:large, max-video-preview:-1\" \/>\n<link rel=\"canonical\" href=\"https:\/\/www.annepossel.nl\/?page_id=142\" \/>\n<meta property=\"og:locale\" content=\"nl_NL\" \/>\n<meta property=\"og:type\" content=\"article\" \/>\n<meta property=\"og:title\" content=\"po\u00ebzie - anne possel\" \/>\n<meta property=\"og:description\" content=\"Po\u00ebzie Kaartensets \u2018Licht op Licht\u2019 - zeven ansichtkaarten gemaakt door Caroline Schr\u00f6der - fotografie en Anne C. Possel po\u00ebzie, ontwerp: Angelique Kleijne. Oplichtende beelden uit de natuur en po\u00ebtische teksten over het licht dat door alles heengaat, er altijd is; om ons heen en in onszelf. Sfeervolle kaarten, vol levenslust en schoonheid, die je aan [&hellip;]\" \/>\n<meta property=\"og:url\" content=\"https:\/\/www.annepossel.nl\/?page_id=142\" \/>\n<meta property=\"og:site_name\" content=\"anne possel\" \/>\n<meta property=\"article:modified_time\" content=\"2019-02-28T16:06:12+00:00\" \/>\n<meta name=\"twitter:card\" content=\"summary_large_image\" \/>\n<meta name=\"twitter:label1\" content=\"Geschatte leestijd\" \/>\n\t<meta name=\"twitter:data1\" content=\"2 minuten\" \/>\n<script type=\"application\/ld+json\" class=\"yoast-schema-graph\">{\"@context\":\"https:\/\/schema.org\",\"@graph\":[{\"@type\":\"WebPage\",\"@id\":\"https:\/\/www.annepossel.nl\/?page_id=142\",\"url\":\"https:\/\/www.annepossel.nl\/?page_id=142\",\"name\":\"po\u00ebzie - anne possel\",\"isPartOf\":{\"@id\":\"https:\/\/www.annepossel.nl\/#website\"},\"datePublished\":\"2017-10-03T10:00:46+00:00\",\"dateModified\":\"2019-02-28T16:06:12+00:00\",\"breadcrumb\":{\"@id\":\"https:\/\/www.annepossel.nl\/?page_id=142#breadcrumb\"},\"inLanguage\":\"nl-NL\",\"potentialAction\":[{\"@type\":\"ReadAction\",\"target\":[\"https:\/\/www.annepossel.nl\/?page_id=142\"]}]},{\"@type\":\"BreadcrumbList\",\"@id\":\"https:\/\/www.annepossel.nl\/?page_id=142#breadcrumb\",\"itemListElement\":[{\"@type\":\"ListItem\",\"position\":1,\"name\":\"Home\",\"item\":\"https:\/\/www.annepossel.nl\/\"},{\"@type\":\"ListItem\",\"position\":2,\"name\":\"po\u00ebzie\"}]},{\"@type\":\"WebSite\",\"@id\":\"https:\/\/www.annepossel.nl\/#website\",\"url\":\"https:\/\/www.annepossel.nl\/\",\"name\":\"anne possel\",\"description\":\"Dichter en schrijfster. Begeleidt mensen op hun levensweg. Meditatie en dromen vormen het hart van haar werk.\",\"potentialAction\":[{\"@type\":\"SearchAction\",\"target\":{\"@type\":\"EntryPoint\",\"urlTemplate\":\"https:\/\/www.annepossel.nl\/?s={search_term_string}\"},\"query-input\":{\"@type\":\"PropertyValueSpecification\",\"valueRequired\":true,\"valueName\":\"search_term_string\"}}],\"inLanguage\":\"nl-NL\"}]}<\/script>\n<!-- \/ Yoast SEO plugin. -->","yoast_head_json":{"title":"po\u00ebzie - anne possel","robots":{"index":"index","follow":"follow","max-snippet":"max-snippet:-1","max-image-preview":"max-image-preview:large","max-video-preview":"max-video-preview:-1"},"canonical":"https:\/\/www.annepossel.nl\/?page_id=142","og_locale":"nl_NL","og_type":"article","og_title":"po\u00ebzie - anne possel","og_description":"Po\u00ebzie Kaartensets \u2018Licht op Licht\u2019 - zeven ansichtkaarten gemaakt door Caroline Schr\u00f6der - fotografie en Anne C. Possel po\u00ebzie, ontwerp: Angelique Kleijne. Oplichtende beelden uit de natuur en po\u00ebtische teksten over het licht dat door alles heengaat, er altijd is; om ons heen en in onszelf. Sfeervolle kaarten, vol levenslust en schoonheid, die je aan [&hellip;]","og_url":"https:\/\/www.annepossel.nl\/?page_id=142","og_site_name":"anne possel","article_modified_time":"2019-02-28T16:06:12+00:00","twitter_card":"summary_large_image","twitter_misc":{"Geschatte leestijd":"2 minuten"},"schema":{"@context":"https:\/\/schema.org","@graph":[{"@type":"WebPage","@id":"https:\/\/www.annepossel.nl\/?page_id=142","url":"https:\/\/www.annepossel.nl\/?page_id=142","name":"po\u00ebzie - anne possel","isPartOf":{"@id":"https:\/\/www.annepossel.nl\/#website"},"datePublished":"2017-10-03T10:00:46+00:00","dateModified":"2019-02-28T16:06:12+00:00","breadcrumb":{"@id":"https:\/\/www.annepossel.nl\/?page_id=142#breadcrumb"},"inLanguage":"nl-NL","potentialAction":[{"@type":"ReadAction","target":["https:\/\/www.annepossel.nl\/?page_id=142"]}]},{"@type":"BreadcrumbList","@id":"https:\/\/www.annepossel.nl\/?page_id=142#breadcrumb","itemListElement":[{"@type":"ListItem","position":1,"name":"Home","item":"https:\/\/www.annepossel.nl\/"},{"@type":"ListItem","position":2,"name":"po\u00ebzie"}]},{"@type":"WebSite","@id":"https:\/\/www.annepossel.nl\/#website","url":"https:\/\/www.annepossel.nl\/","name":"anne possel","description":"Dichter en schrijfster. Begeleidt mensen op hun levensweg. Meditatie en dromen vormen het hart van haar werk.","potentialAction":[{"@type":"SearchAction","target":{"@type":"EntryPoint","urlTemplate":"https:\/\/www.annepossel.nl\/?s={search_term_string}"},"query-input":{"@type":"PropertyValueSpecification","valueRequired":true,"valueName":"search_term_string"}}],"inLanguage":"nl-NL"}]}},"_links":{"self":[{"href":"https:\/\/www.annepossel.nl\/index.php?rest_route=\/wp\/v2\/pages\/142","targetHints":{"allow":["GET"]}}],"collection":[{"href":"https:\/\/www.annepossel.nl\/index.php?rest_route=\/wp\/v2\/pages"}],"about":[{"href":"https:\/\/www.annepossel.nl\/index.php?rest_route=\/wp\/v2\/types\/page"}],"author":[{"embeddable":true,"href":"https:\/\/www.annepossel.nl\/index.php?rest_route=\/wp\/v2\/users\/1"}],"replies":[{"embeddable":true,"href":"https:\/\/www.annepossel.nl\/index.php?rest_route=%2Fwp%2Fv2%2Fcomments&post=142"}],"version-history":[{"count":44,"href":"https:\/\/www.annepossel.nl\/index.php?rest_route=\/wp\/v2\/pages\/142\/revisions"}],"predecessor-version":[{"id":1289,"href":"https:\/\/www.annepossel.nl\/index.php?rest_route=\/wp\/v2\/pages\/142\/revisions\/1289"}],"wp:attachment":[{"href":"https:\/\/www.annepossel.nl\/index.php?rest_route=%2Fwp%2Fv2%2Fmedia&parent=142"}],"curies":[{"name":"wp","href":"https:\/\/api.w.org\/{rel}","templated":true}]}}