{"id":149,"date":"2017-10-03T10:21:51","date_gmt":"2017-10-03T10:21:51","guid":{"rendered":"http:\/\/185.31.244.116\/~illuster\/?page_id=149"},"modified":"2020-01-09T15:08:52","modified_gmt":"2020-01-09T15:08:52","slug":"meditatie","status":"publish","type":"page","link":"https:\/\/www.annepossel.nl\/?page_id=149","title":{"rendered":"welkom"},"content":{"rendered":"<p>[et_pb_section fb_built=&#8221;1&#8243; fullwidth=&#8221;on&#8221; admin_label=&#8221;Sectie&#8221; _builder_version=&#8221;3.0.71&#8243; global_module=&#8221;277&#8243;][et_pb_fullwidth_menu menu_id=&#8221;2&#8243; submenu_direction=&#8221;downwards&#8221; fullwidth_menu=&#8221;off&#8221; active_link_color=&#8221;#5096bf&#8221; dropdown_menu_bg_color=&#8221;#ffffff&#8221; dropdown_menu_line_color=&#8221;#b78259&#8243; _builder_version=&#8221;3.0.71&#8243; menu_font=&#8221;PT Sans||||&#8221; menu_text_color=&#8221;#5096bf&#8221; menu_letter_spacing=&#8221;2px&#8221; text_orientation=&#8221;center&#8221;][\/et_pb_fullwidth_menu][\/et_pb_section][et_pb_section fb_built=&#8221;1&#8243; fullwidth=&#8221;on&#8221; _builder_version=&#8221;3.0.71&#8243; use_background_color_gradient=&#8221;on&#8221; background_color_gradient_start=&#8221;#e8c97d&#8221; background_color_gradient_end=&#8221;#ffffff&#8221;][et_pb_fullwidth_header title=&#8221;A mountain keeps an echo deep inside itself. That&#8217;s how I hold Your voice.&#8221; subhead=&#8221;~ Rumi ~&#8221; text_orientation=&#8221;center&#8221; logo_image_url=&#8221;https:\/\/www.annepossel.nl\/wp-content\/uploads\/2018\/04\/websitefoto-Liggend-2.jpeg&#8221; subhead_font_color=&#8221;#5096bf&#8221; _builder_version=&#8221;3.16&#8243; title_font=&#8221;PT Serif||on||&#8221; title_font_size=&#8221;20px&#8221; title_letter_spacing=&#8221;1px&#8221; title_line_height=&#8221;3em&#8221; subhead_font=&#8221;PT Serif||||&#8221; subhead_text_color=&#8221;#5096bf&#8221; subhead_font_size=&#8221;14px&#8221; subhead_line_height=&#8221;1.2em&#8221; background_color=&#8221;rgba(255, 255, 255, 0)&#8221; background_layout=&#8221;light&#8221; button_one_text_size__hover_enabled=&#8221;off&#8221; button_two_text_size__hover_enabled=&#8221;off&#8221; button_one_text_color__hover_enabled=&#8221;off&#8221; button_two_text_color__hover_enabled=&#8221;off&#8221; button_one_border_width__hover_enabled=&#8221;off&#8221; button_two_border_width__hover_enabled=&#8221;off&#8221; button_one_border_color__hover_enabled=&#8221;off&#8221; button_two_border_color__hover_enabled=&#8221;off&#8221; button_one_border_radius__hover_enabled=&#8221;off&#8221; button_two_border_radius__hover_enabled=&#8221;off&#8221; button_one_letter_spacing__hover_enabled=&#8221;off&#8221; button_two_letter_spacing__hover_enabled=&#8221;off&#8221; button_one_bg_color__hover_enabled=&#8221;off&#8221; button_two_bg_color__hover_enabled=&#8221;off&#8221;][\/et_pb_fullwidth_header][\/et_pb_section][et_pb_section fb_built=&#8221;1&#8243; _builder_version=&#8221;3.0.71&#8243; use_background_color_gradient=&#8221;on&#8221; background_color_gradient_start=&#8221;#ffffff&#8221; background_color_gradient_end=&#8221;rgba(255,255,255,0.82)&#8221; background_color_gradient_direction=&#8221;169deg&#8221; background_image=&#8221;https:\/\/www.annepossel.nl\/wp-content\/uploads\/2018\/01\/websitefoto-1.jpg&#8221; background_blend=&#8221;overlay&#8221; global_module=&#8221;475&#8243; saved_tabs=&#8221;all&#8221;][et_pb_row _builder_version=&#8221;3.0.71&#8243; background_color_gradient_direction=&#8221;155deg&#8221; background_size=&#8221;initial&#8221; background_position=&#8221;top_left&#8221; background_repeat=&#8221;repeat&#8221;][et_pb_column type=&#8221;1_4&#8243; _builder_version=&#8221;3.0.47&#8243; parallax=&#8221;off&#8221; parallax_method=&#8221;on&#8221;][et_pb_text _builder_version=&#8221;3.0.74&#8243; text_font=&#8221;PT Serif||on||&#8221; text_text_color=&#8221;#5096bf&#8221; text_font_size=&#8221;15px&#8221; text_line_height=&#8221;1.1em&#8221; inline_fonts=&#8221;Cuprum&#8221;]<\/p>\n<h5 style=\"text-align: center;\">Een berg<\/h5>\n<h5 style=\"text-align: center;\">bewaart\u00a0<\/h5>\n<h5 style=\"text-align: center;\">diep in zichzelf<\/h5>\n<h5 style=\"text-align: center;\">een echo.<\/h5>\n<h5 style=\"text-align: center;\">Dat is hoe ik<\/h5>\n<h5 style=\"text-align: center;\">jouw stem<\/h5>\n<h5 style=\"text-align: center;\">in mij draag.<\/h5>\n<p style=\"text-align: center;\"><em>~ Rumi ~<\/em><\/p>\n<p>\u00a0<\/p>\n<p>[\/et_pb_text][\/et_pb_column][et_pb_column type=&#8221;3_4&#8243; _builder_version=&#8221;3.0.47&#8243; parallax=&#8221;off&#8221; parallax_method=&#8221;on&#8221;][et_pb_text _builder_version=&#8221;3.0.74&#8243; text_font=&#8221;PT Serif||||&#8221; text_text_color=&#8221;#995b2f&#8221; text_font_size=&#8221;16px&#8221; text_line_height=&#8221;1.3em&#8221;]<\/p>\n<p><span style=\"font-size: medium;\"><strong>Zorg voor de Ziel<\/strong><\/span><\/p>\n<p>Ieder mens kent haar wel: die zachte stem van binnen die ons op onbewaakte momenten vraagt wakker te worden voor wat er innerlijk leeft.\u00a0<\/p>\n<p>Het is de stem van je ziel, maar we kunnen haar vaak niet goed verstaan.<\/p>\n<p>Het is mijn wens en werk de ziel als gids en als bedding in mensen te laten spreken.<\/p>\n<p>Zorg voor de ziel is dan ook de leidraad voor de manier waarop ik mensen begeleid op hun levensweg. En omdat die zachte stem van je ziel beter hoorbaar wordt naarmate je zelf stiller wordt, en in je dromen duidelijk is te verstaan, vormen meditatie en dromen het hart van dit werk.\u00a0<\/p>\n<p>Ook in mijn schrijven klinkt mijn liefde voor de ziel door, omdat zij voor mij de verbinding is tussen hemel en aarde, tussen het Goddelijke en een mens.<\/p>\n<p>Op deze website vind je dan ook informatie over zowel mijn schrijven, als mijn werken met dromen en over de meditatie die ik begeleid.\u00a0<\/p>\n<p>\u00a0<\/p>\n<p>[\/et_pb_text][\/et_pb_column][\/et_pb_row][\/et_pb_section]<\/p>\n","protected":false},"excerpt":{"rendered":"<p>Een berg bewaart\u00a0 diep in zichzelf een echo. Dat is hoe ik jouw stem in mij draag. ~ Rumi ~ \u00a0Zorg voor de Ziel Ieder mens kent haar wel: die zachte stem van binnen die ons op onbewaakte momenten vraagt wakker te worden voor wat er innerlijk leeft.\u00a0 Het is de stem van je ziel, [&hellip;]<\/p>\n","protected":false},"author":1,"featured_media":0,"parent":0,"menu_order":2,"comment_status":"closed","ping_status":"closed","template":"","meta":{"_et_pb_use_builder":"on","_et_pb_old_content":"<p>Als je de wens koestert jezelf te herinneren wie je werkelijk bent, zoals Rumi bedoelt, ben je op weg naar een echtheid die voorbij jou alleen gaat. Dan begeef je je op een spiritueel pad.<\/p><p>Maar zodra je de eerste schreden zet om het licht in jezelf terug te vinden, kom je onherroepelijk je schaduw tegen. Alleen door bevriend te raken met die onbekende en onbeminde kant van jezelf, kun je in die bijzondere en veelbelovende weg volharden en zo de taal van je ziel leren verstaan.<\/p><p>Psychologisch werk is daarom een noodzakelijke stap op het pad, vooral het werk aan de schaduw. Maar het is even noodzakelijk om dit psychologische werk te verbinden met een ruimer, spiritueel perspectief als je toe wilt komen aan het onderzoek naar wie je ten diepste bent. Die beide aspecten komen vooral samen in het werken met dromen.<\/p><p>Want de droom is \u00e9\u00e9n van onze rijkste bronnen van informatie over de psychische \u00e9n over de spirituele dimensies van ons (onbewuste) bestaan.<\/p><p>In mijn Praktijk Zorg voor de Ziel werk ik daarom graag met dromen, die, als je wakker bent geworden, een poort zijn waardoor je terug kunt keren in je innerlijke wereld en binnen kunt stappen in het landschap van de ziel.<\/p>","_et_gb_content_width":"","footnotes":""},"class_list":["post-149","page","type-page","status-publish","hentry"],"yoast_head":"<!-- This site is optimized with the Yoast SEO plugin v27.2 - https:\/\/yoast.com\/product\/yoast-seo-wordpress\/ -->\n<title>welkom - anne possel<\/title>\n<meta name=\"robots\" content=\"index, follow, max-snippet:-1, max-image-preview:large, max-video-preview:-1\" \/>\n<link rel=\"canonical\" href=\"https:\/\/www.annepossel.nl\/?page_id=149\" \/>\n<meta property=\"og:locale\" content=\"nl_NL\" \/>\n<meta property=\"og:type\" content=\"article\" \/>\n<meta property=\"og:title\" content=\"welkom - anne possel\" \/>\n<meta property=\"og:description\" content=\"Een berg bewaart\u00a0 diep in zichzelf een echo. Dat is hoe ik jouw stem in mij draag. ~ Rumi ~ \u00a0Zorg voor de Ziel Ieder mens kent haar wel: die zachte stem van binnen die ons op onbewaakte momenten vraagt wakker te worden voor wat er innerlijk leeft.\u00a0 Het is de stem van je ziel, [&hellip;]\" \/>\n<meta property=\"og:url\" content=\"https:\/\/www.annepossel.nl\/?page_id=149\" \/>\n<meta property=\"og:site_name\" content=\"anne possel\" \/>\n<meta property=\"article:modified_time\" content=\"2020-01-09T15:08:52+00:00\" \/>\n<meta name=\"twitter:card\" content=\"summary_large_image\" \/>\n<meta name=\"twitter:label1\" content=\"Geschatte leestijd\" \/>\n\t<meta name=\"twitter:data1\" content=\"3 minuten\" \/>\n<script type=\"application\/ld+json\" class=\"yoast-schema-graph\">{\"@context\":\"https:\/\/schema.org\",\"@graph\":[{\"@type\":\"WebPage\",\"@id\":\"https:\/\/www.annepossel.nl\/?page_id=149\",\"url\":\"https:\/\/www.annepossel.nl\/?page_id=149\",\"name\":\"welkom - anne possel\",\"isPartOf\":{\"@id\":\"https:\/\/www.annepossel.nl\/#website\"},\"datePublished\":\"2017-10-03T10:21:51+00:00\",\"dateModified\":\"2020-01-09T15:08:52+00:00\",\"breadcrumb\":{\"@id\":\"https:\/\/www.annepossel.nl\/?page_id=149#breadcrumb\"},\"inLanguage\":\"nl-NL\",\"potentialAction\":[{\"@type\":\"ReadAction\",\"target\":[\"https:\/\/www.annepossel.nl\/?page_id=149\"]}]},{\"@type\":\"BreadcrumbList\",\"@id\":\"https:\/\/www.annepossel.nl\/?page_id=149#breadcrumb\",\"itemListElement\":[{\"@type\":\"ListItem\",\"position\":1,\"name\":\"Home\",\"item\":\"https:\/\/www.annepossel.nl\/\"},{\"@type\":\"ListItem\",\"position\":2,\"name\":\"welkom\"}]},{\"@type\":\"WebSite\",\"@id\":\"https:\/\/www.annepossel.nl\/#website\",\"url\":\"https:\/\/www.annepossel.nl\/\",\"name\":\"anne possel\",\"description\":\"Dichter en schrijfster. Begeleidt mensen op hun levensweg. Meditatie en dromen vormen het hart van haar werk.\",\"potentialAction\":[{\"@type\":\"SearchAction\",\"target\":{\"@type\":\"EntryPoint\",\"urlTemplate\":\"https:\/\/www.annepossel.nl\/?s={search_term_string}\"},\"query-input\":{\"@type\":\"PropertyValueSpecification\",\"valueRequired\":true,\"valueName\":\"search_term_string\"}}],\"inLanguage\":\"nl-NL\"}]}<\/script>\n<!-- \/ Yoast SEO plugin. -->","yoast_head_json":{"title":"welkom - anne possel","robots":{"index":"index","follow":"follow","max-snippet":"max-snippet:-1","max-image-preview":"max-image-preview:large","max-video-preview":"max-video-preview:-1"},"canonical":"https:\/\/www.annepossel.nl\/?page_id=149","og_locale":"nl_NL","og_type":"article","og_title":"welkom - anne possel","og_description":"Een berg bewaart\u00a0 diep in zichzelf een echo. Dat is hoe ik jouw stem in mij draag. ~ Rumi ~ \u00a0Zorg voor de Ziel Ieder mens kent haar wel: die zachte stem van binnen die ons op onbewaakte momenten vraagt wakker te worden voor wat er innerlijk leeft.\u00a0 Het is de stem van je ziel, [&hellip;]","og_url":"https:\/\/www.annepossel.nl\/?page_id=149","og_site_name":"anne possel","article_modified_time":"2020-01-09T15:08:52+00:00","twitter_card":"summary_large_image","twitter_misc":{"Geschatte leestijd":"3 minuten"},"schema":{"@context":"https:\/\/schema.org","@graph":[{"@type":"WebPage","@id":"https:\/\/www.annepossel.nl\/?page_id=149","url":"https:\/\/www.annepossel.nl\/?page_id=149","name":"welkom - anne possel","isPartOf":{"@id":"https:\/\/www.annepossel.nl\/#website"},"datePublished":"2017-10-03T10:21:51+00:00","dateModified":"2020-01-09T15:08:52+00:00","breadcrumb":{"@id":"https:\/\/www.annepossel.nl\/?page_id=149#breadcrumb"},"inLanguage":"nl-NL","potentialAction":[{"@type":"ReadAction","target":["https:\/\/www.annepossel.nl\/?page_id=149"]}]},{"@type":"BreadcrumbList","@id":"https:\/\/www.annepossel.nl\/?page_id=149#breadcrumb","itemListElement":[{"@type":"ListItem","position":1,"name":"Home","item":"https:\/\/www.annepossel.nl\/"},{"@type":"ListItem","position":2,"name":"welkom"}]},{"@type":"WebSite","@id":"https:\/\/www.annepossel.nl\/#website","url":"https:\/\/www.annepossel.nl\/","name":"anne possel","description":"Dichter en schrijfster. Begeleidt mensen op hun levensweg. Meditatie en dromen vormen het hart van haar werk.","potentialAction":[{"@type":"SearchAction","target":{"@type":"EntryPoint","urlTemplate":"https:\/\/www.annepossel.nl\/?s={search_term_string}"},"query-input":{"@type":"PropertyValueSpecification","valueRequired":true,"valueName":"search_term_string"}}],"inLanguage":"nl-NL"}]}},"_links":{"self":[{"href":"https:\/\/www.annepossel.nl\/index.php?rest_route=\/wp\/v2\/pages\/149","targetHints":{"allow":["GET"]}}],"collection":[{"href":"https:\/\/www.annepossel.nl\/index.php?rest_route=\/wp\/v2\/pages"}],"about":[{"href":"https:\/\/www.annepossel.nl\/index.php?rest_route=\/wp\/v2\/types\/page"}],"author":[{"embeddable":true,"href":"https:\/\/www.annepossel.nl\/index.php?rest_route=\/wp\/v2\/users\/1"}],"replies":[{"embeddable":true,"href":"https:\/\/www.annepossel.nl\/index.php?rest_route=%2Fwp%2Fv2%2Fcomments&post=149"}],"version-history":[{"count":52,"href":"https:\/\/www.annepossel.nl\/index.php?rest_route=\/wp\/v2\/pages\/149\/revisions"}],"predecessor-version":[{"id":1324,"href":"https:\/\/www.annepossel.nl\/index.php?rest_route=\/wp\/v2\/pages\/149\/revisions\/1324"}],"wp:attachment":[{"href":"https:\/\/www.annepossel.nl\/index.php?rest_route=%2Fwp%2Fv2%2Fmedia&parent=149"}],"curies":[{"name":"wp","href":"https:\/\/api.w.org\/{rel}","templated":true}]}}